{"id":3,"date":"2019-10-09T23:03:14","date_gmt":"2019-10-09T21:03:14","guid":{"rendered":"http:\/\/www.awsc.be\/?page_id=3"},"modified":"2019-10-31T14:49:39","modified_gmt":"2019-10-31T13:49:39","slug":"politique-de-confidentialite","status":"publish","type":"page","link":"https:\/\/www.awsc.be\/index.php\/politique-de-confidentialite\/","title":{"rendered":"Politique de confidentialit\u00e9"},"content":{"rendered":"\n<p>AW Services &amp; Coaching est une activit\u00e9 SMART cr\u00e9er par Mr Arnaud Want. <\/p>\n\n\n\n<h2>Qui sommes-nous&nbsp;?<\/h2>\n\n\n\n<p>\n\nLa cr\u00e9ation de l&rsquo;activit\u00e9 \u00e0 \u00e9t\u00e9 faite le 11 octobre 2017. \n\n<\/p>\n\n\n\n<p>Elle est r\u00e9f\u00e9renc\u00e9e sous le num\u00e9ro d&rsquo;activit\u00e9 24106 aupr\u00e8s du bureau SMART de Charleroi (Belgique).<\/p>\n\n\n\n<p>L\u2019adresse de notre site Web est&nbsp;: https:\/\/www.awsc.be.<\/p>\n\n\n\n<h2>Que faisons-nous ?<\/h2>\n\n\n\n<p>AW Services &amp; Coaching a pour objectif de fournir des services g\u00e9n\u00e9raux aux entreprises et aux particuliers.<\/p>\n\n\n\n<h2>Comment nous joindre ?<\/h2>\n\n\n\n<p>Le si\u00e8ge de l&rsquo;activit\u00e9 est situ\u00e9 \u00e0 15 Rue Pont de Bois, B-5651 Berz\u00e9e.<\/p>\n\n\n\n<p>L&rsquo;administrateur de la soci\u00e9t\u00e9 est joignable par mail \u00e0 info@awsc.be ou par t\u00e9l\u00e9phone au +32 494 86 90 49. <\/p>\n","protected":false},"excerpt":{"rendered":"<p>AW Services &amp; Coaching est une activit\u00e9 SMART cr\u00e9er par Mr Arnaud Want. Qui sommes-nous&nbsp;? La cr\u00e9ation de l&rsquo;activit\u00e9 \u00e0 \u00e9t\u00e9 faite le 11 octobre 2017. Elle est r\u00e9f\u00e9renc\u00e9e sous le num\u00e9ro d&rsquo;activit\u00e9 24106 aupr\u00e8s du bureau SMART de Charleroi (Belgique). L\u2019adresse de notre site Web est&nbsp;: https:\/\/www.awsc.be. Que faisons-nous ? AW Services &amp; Coaching &hellip; <\/p>\n<p class=\"link-more\"><a href=\"https:\/\/www.awsc.be\/index.php\/politique-de-confidentialite\/\" class=\"more-link\">Continuer la lecture<span class=\"screen-reader-text\"> de &laquo;&nbsp;Politique de confidentialit\u00e9&nbsp;&raquo;<\/span><\/a><\/p>\n","protected":false},"author":1,"featured_media":73,"parent":0,"menu_order":0,"comment_status":"closed","ping_status":"open","template":"","meta":[],"_links":{"self":[{"href":"https:\/\/www.awsc.be\/index.php\/wp-json\/wp\/v2\/pages\/3"}],"collection":[{"href":"https:\/\/www.awsc.be\/index.php\/wp-json\/wp\/v2\/pages"}],"about":[{"href":"https:\/\/www.awsc.be\/index.php\/wp-json\/wp\/v2\/types\/page"}],"author":[{"embeddable":true,"href":"https:\/\/www.awsc.be\/index.php\/wp-json\/wp\/v2\/users\/1"}],"replies":[{"embeddable":true,"href":"https:\/\/www.awsc.be\/index.php\/wp-json\/wp\/v2\/comments?post=3"}],"version-history":[{"count":4,"href":"https:\/\/www.awsc.be\/index.php\/wp-json\/wp\/v2\/pages\/3\/revisions"}],"predecessor-version":[{"id":166,"href":"https:\/\/www.awsc.be\/index.php\/wp-json\/wp\/v2\/pages\/3\/revisions\/166"}],"wp:featuredmedia":[{"embeddable":true,"href":"https:\/\/www.awsc.be\/index.php\/wp-json\/wp\/v2\/media\/73"}],"wp:attachment":[{"href":"https:\/\/www.awsc.be\/index.php\/wp-json\/wp\/v2\/media?parent=3"}],"curies":[{"name":"wp","href":"https:\/\/api.w.org\/{rel}","templated":true}]}}