{"id":9,"date":"2019-10-09T23:17:14","date_gmt":"2019-10-09T21:17:14","guid":{"rendered":"http:\/\/www.awsc.be\/?page_id=9"},"modified":"2020-06-18T11:07:47","modified_gmt":"2020-06-18T09:07:47","slug":"pro","status":"publish","type":"page","link":"https:\/\/www.awsc.be\/index.php\/pro\/","title":{"rendered":"Pour les professionnels"},"content":{"rendered":"<p><span style=\"color: #800000;\">AW Services &amp; Coaching ex\u00e9cute diff\u00e9rentes missions afin de vous aider, de vous d\u00e9charger des t\u00e2ches r\u00e9barbatives voire complexes afin de vous permettre de vous concentrer sur votre core Business.\u00a0<\/span><\/p>\n<p><span style=\"color: #800000;\">Qu&rsquo;il s&rsquo;agisse de missions ponctuelles ou r\u00e9currentes, AW Services &amp; Coaching est \u00e0 vos cot\u00e9s et s&rsquo;adapte \u00e0 votre demande.<\/span><\/p>\n\n\n<figure class=\"wp-block-image\"><img loading=\"lazy\" width=\"703\" height=\"451\" src=\"https:\/\/www.awsc.be\/wp-content\/uploads\/2019\/10\/nuage-de-mots-pro-1.jpg\" alt=\"\" class=\"wp-image-142\" srcset=\"https:\/\/www.awsc.be\/wp-content\/uploads\/2019\/10\/nuage-de-mots-pro-1.jpg 703w, https:\/\/www.awsc.be\/wp-content\/uploads\/2019\/10\/nuage-de-mots-pro-1-300x192.jpg 300w\" sizes=\"(max-width: 703px) 100vw, 703px\" \/><\/figure>\n","protected":false},"excerpt":{"rendered":"<p>AW Services &amp; Coaching ex\u00e9cute diff\u00e9rentes missions afin de vous aider, de vous d\u00e9charger des t\u00e2ches r\u00e9barbatives voire complexes afin de vous permettre de vous concentrer sur votre core Business.\u00a0 Qu&rsquo;il s&rsquo;agisse de missions ponctuelles ou r\u00e9currentes, AW Services &amp; Coaching est \u00e0 vos cot\u00e9s et s&rsquo;adapte \u00e0 votre demande.<\/p>\n","protected":false},"author":1,"featured_media":62,"parent":0,"menu_order":0,"comment_status":"closed","ping_status":"closed","template":"","meta":[],"_links":{"self":[{"href":"https:\/\/www.awsc.be\/index.php\/wp-json\/wp\/v2\/pages\/9"}],"collection":[{"href":"https:\/\/www.awsc.be\/index.php\/wp-json\/wp\/v2\/pages"}],"about":[{"href":"https:\/\/www.awsc.be\/index.php\/wp-json\/wp\/v2\/types\/page"}],"author":[{"embeddable":true,"href":"https:\/\/www.awsc.be\/index.php\/wp-json\/wp\/v2\/users\/1"}],"replies":[{"embeddable":true,"href":"https:\/\/www.awsc.be\/index.php\/wp-json\/wp\/v2\/comments?post=9"}],"version-history":[{"count":8,"href":"https:\/\/www.awsc.be\/index.php\/wp-json\/wp\/v2\/pages\/9\/revisions"}],"predecessor-version":[{"id":196,"href":"https:\/\/www.awsc.be\/index.php\/wp-json\/wp\/v2\/pages\/9\/revisions\/196"}],"wp:featuredmedia":[{"embeddable":true,"href":"https:\/\/www.awsc.be\/index.php\/wp-json\/wp\/v2\/media\/62"}],"wp:attachment":[{"href":"https:\/\/www.awsc.be\/index.php\/wp-json\/wp\/v2\/media?parent=9"}],"curies":[{"name":"wp","href":"https:\/\/api.w.org\/{rel}","templated":true}]}}